{"id":13908,"date":"2026-01-13T10:53:04","date_gmt":"2026-01-13T09:53:04","guid":{"rendered":"https:\/\/usineagaz.ch\/billeterie\/"},"modified":"2026-03-04T13:59:33","modified_gmt":"2026-03-04T12:59:33","slug":"billeterie","status":"publish","type":"page","link":"https:\/\/usineagaz.ch\/en\/billeterie\/","title":{"rendered":"Ticketing"},"content":{"rendered":"","protected":false},"excerpt":{"rendered":"","protected":false},"author":1,"featured_media":0,"parent":0,"menu_order":0,"comment_status":"closed","ping_status":"closed","template":"templates\/template-season.php","meta":{"_acf_changed":false,"footnotes":""},"class_list":["post-13908","page","type-page","status-publish","hentry"],"acf":[],"yoast_head":"<!-- This site is optimized with the Yoast SEO plugin v27.3 - https:\/\/yoast.com\/product\/yoast-seo-wordpress\/ -->\n<title>Ticketing - Usine \u00e0 Gaz<\/title>\n<meta name=\"robots\" content=\"index, follow, max-snippet:-1, max-image-preview:large, max-video-preview:-1\" \/>\n<link rel=\"canonical\" href=\"https:\/\/usineagaz.ch\/en\/billeterie\/\" \/>\n<meta property=\"og:locale\" content=\"en_US\" \/>\n<meta property=\"og:type\" content=\"article\" \/>\n<meta property=\"og:title\" content=\"Ticketing - Usine \u00e0 Gaz\" \/>\n<meta property=\"og:url\" content=\"https:\/\/usineagaz.ch\/en\/billeterie\/\" \/>\n<meta property=\"og:site_name\" content=\"Usine \u00e0 Gaz\" \/>\n<meta property=\"article:modified_time\" content=\"2026-03-04T12:59:33+00:00\" \/>\n<meta name=\"twitter:card\" content=\"summary_large_image\" \/>\n<script type=\"application\/ld+json\" class=\"yoast-schema-graph\">{\"@context\":\"https:\\\/\\\/schema.org\",\"@graph\":[{\"@type\":\"WebPage\",\"@id\":\"https:\\\/\\\/usineagaz.ch\\\/en\\\/billeterie\\\/\",\"url\":\"https:\\\/\\\/usineagaz.ch\\\/en\\\/billeterie\\\/\",\"name\":\"Ticketing - Usine \u00e0 Gaz\",\"isPartOf\":{\"@id\":\"https:\\\/\\\/usineagaz.ch\\\/en\\\/#website\"},\"datePublished\":\"2026-01-13T09:53:04+00:00\",\"dateModified\":\"2026-03-04T12:59:33+00:00\",\"breadcrumb\":{\"@id\":\"https:\\\/\\\/usineagaz.ch\\\/en\\\/billeterie\\\/#breadcrumb\"},\"inLanguage\":\"en-US\",\"potentialAction\":[{\"@type\":\"ReadAction\",\"target\":[\"https:\\\/\\\/usineagaz.ch\\\/en\\\/billeterie\\\/\"]}]},{\"@type\":\"BreadcrumbList\",\"@id\":\"https:\\\/\\\/usineagaz.ch\\\/en\\\/billeterie\\\/#breadcrumb\",\"itemListElement\":[{\"@type\":\"ListItem\",\"position\":1,\"name\":\"Accueil\",\"item\":\"https:\\\/\\\/usineagaz.ch\\\/en\\\/\"},{\"@type\":\"ListItem\",\"position\":2,\"name\":\"Ticketing\"}]},{\"@type\":\"WebSite\",\"@id\":\"https:\\\/\\\/usineagaz.ch\\\/en\\\/#website\",\"url\":\"https:\\\/\\\/usineagaz.ch\\\/en\\\/\",\"name\":\"Usine \u00e0 Gaz\",\"description\":\"Sc\u00e8ne r\u00e9gionale de Nyon &amp; r\u00e9gion\",\"publisher\":{\"@id\":\"https:\\\/\\\/usineagaz.ch\\\/en\\\/#organization\"},\"potentialAction\":[{\"@type\":\"SearchAction\",\"target\":{\"@type\":\"EntryPoint\",\"urlTemplate\":\"https:\\\/\\\/usineagaz.ch\\\/en\\\/?s={search_term_string}\"},\"query-input\":{\"@type\":\"PropertyValueSpecification\",\"valueRequired\":true,\"valueName\":\"search_term_string\"}}],\"inLanguage\":\"en-US\"},{\"@type\":\"Organization\",\"@id\":\"https:\\\/\\\/usineagaz.ch\\\/en\\\/#organization\",\"name\":\"Usine \u00e0 Gaz\",\"url\":\"https:\\\/\\\/usineagaz.ch\\\/en\\\/\",\"logo\":{\"@type\":\"ImageObject\",\"inLanguage\":\"en-US\",\"@id\":\"https:\\\/\\\/usineagaz.ch\\\/en\\\/#\\\/schema\\\/logo\\\/image\\\/\",\"url\":\"https:\\\/\\\/usineagaz.ch\\\/wp-content\\\/uploads\\\/2025\\\/04\\\/Unknown.png\",\"contentUrl\":\"https:\\\/\\\/usineagaz.ch\\\/wp-content\\\/uploads\\\/2025\\\/04\\\/Unknown.png\",\"width\":511,\"height\":615,\"caption\":\"Usine \u00e0 Gaz\"},\"image\":{\"@id\":\"https:\\\/\\\/usineagaz.ch\\\/en\\\/#\\\/schema\\\/logo\\\/image\\\/\"}}]}<\/script>\n<!-- \/ Yoast SEO plugin. -->","yoast_head_json":{"title":"Ticketing - Usine \u00e0 Gaz","robots":{"index":"index","follow":"follow","max-snippet":"max-snippet:-1","max-image-preview":"max-image-preview:large","max-video-preview":"max-video-preview:-1"},"canonical":"https:\/\/usineagaz.ch\/en\/billeterie\/","og_locale":"en_US","og_type":"article","og_title":"Ticketing - Usine \u00e0 Gaz","og_url":"https:\/\/usineagaz.ch\/en\/billeterie\/","og_site_name":"Usine \u00e0 Gaz","article_modified_time":"2026-03-04T12:59:33+00:00","twitter_card":"summary_large_image","schema":{"@context":"https:\/\/schema.org","@graph":[{"@type":"WebPage","@id":"https:\/\/usineagaz.ch\/en\/billeterie\/","url":"https:\/\/usineagaz.ch\/en\/billeterie\/","name":"Ticketing - Usine \u00e0 Gaz","isPartOf":{"@id":"https:\/\/usineagaz.ch\/en\/#website"},"datePublished":"2026-01-13T09:53:04+00:00","dateModified":"2026-03-04T12:59:33+00:00","breadcrumb":{"@id":"https:\/\/usineagaz.ch\/en\/billeterie\/#breadcrumb"},"inLanguage":"en-US","potentialAction":[{"@type":"ReadAction","target":["https:\/\/usineagaz.ch\/en\/billeterie\/"]}]},{"@type":"BreadcrumbList","@id":"https:\/\/usineagaz.ch\/en\/billeterie\/#breadcrumb","itemListElement":[{"@type":"ListItem","position":1,"name":"Accueil","item":"https:\/\/usineagaz.ch\/en\/"},{"@type":"ListItem","position":2,"name":"Ticketing"}]},{"@type":"WebSite","@id":"https:\/\/usineagaz.ch\/en\/#website","url":"https:\/\/usineagaz.ch\/en\/","name":"Usine \u00e0 Gaz","description":"Sc\u00e8ne r\u00e9gionale de Nyon &amp; r\u00e9gion","publisher":{"@id":"https:\/\/usineagaz.ch\/en\/#organization"},"potentialAction":[{"@type":"SearchAction","target":{"@type":"EntryPoint","urlTemplate":"https:\/\/usineagaz.ch\/en\/?s={search_term_string}"},"query-input":{"@type":"PropertyValueSpecification","valueRequired":true,"valueName":"search_term_string"}}],"inLanguage":"en-US"},{"@type":"Organization","@id":"https:\/\/usineagaz.ch\/en\/#organization","name":"Usine \u00e0 Gaz","url":"https:\/\/usineagaz.ch\/en\/","logo":{"@type":"ImageObject","inLanguage":"en-US","@id":"https:\/\/usineagaz.ch\/en\/#\/schema\/logo\/image\/","url":"https:\/\/usineagaz.ch\/wp-content\/uploads\/2025\/04\/Unknown.png","contentUrl":"https:\/\/usineagaz.ch\/wp-content\/uploads\/2025\/04\/Unknown.png","width":511,"height":615,"caption":"Usine \u00e0 Gaz"},"image":{"@id":"https:\/\/usineagaz.ch\/en\/#\/schema\/logo\/image\/"}}]}},"_links":{"self":[{"href":"https:\/\/usineagaz.ch\/en\/wp-json\/wp\/v2\/pages\/13908","targetHints":{"allow":["GET"]}}],"collection":[{"href":"https:\/\/usineagaz.ch\/en\/wp-json\/wp\/v2\/pages"}],"about":[{"href":"https:\/\/usineagaz.ch\/en\/wp-json\/wp\/v2\/types\/page"}],"author":[{"embeddable":true,"href":"https:\/\/usineagaz.ch\/en\/wp-json\/wp\/v2\/users\/1"}],"replies":[{"embeddable":true,"href":"https:\/\/usineagaz.ch\/en\/wp-json\/wp\/v2\/comments?post=13908"}],"version-history":[{"count":1,"href":"https:\/\/usineagaz.ch\/en\/wp-json\/wp\/v2\/pages\/13908\/revisions"}],"predecessor-version":[{"id":13912,"href":"https:\/\/usineagaz.ch\/en\/wp-json\/wp\/v2\/pages\/13908\/revisions\/13912"}],"wp:attachment":[{"href":"https:\/\/usineagaz.ch\/en\/wp-json\/wp\/v2\/media?parent=13908"}],"curies":[{"name":"wp","href":"https:\/\/api.w.org\/{rel}","templated":true}]}}