{"id":12626,"date":"2026-01-14T10:44:29","date_gmt":"2026-01-14T09:44:29","guid":{"rendered":"https:\/\/usineagaz.ch\/?page_id=12626"},"modified":"2026-01-14T10:44:29","modified_gmt":"2026-01-14T09:44:29","slug":"accessibilite","status":"publish","type":"page","link":"https:\/\/usineagaz.ch\/en\/accessibilite\/","title":{"rendered":"Accessibilit\u00e9"},"content":{"rendered":"\n<p>Afin de garantir le meilleur accueil possible, nous invitons les personnes \u00e0 mobilit\u00e9 r\u00e9duite \u00e0 s\u2019annoncer \u00e0 la billetterie au 022 564 22 99 ou par mail \u00e0 <a href=\"mailto:billetterie@usineagaz.ch\" target=\"_blank\" rel=\"noreferrer noopener\">billetterie@usineagaz.ch<\/a>.&nbsp;<\/p>\n\n\n\n<p>En cas de questions sp\u00e9cifiques, vous pouvez vous adresser \u00e0 Virginie Portier au 022 564 22 87 ou par mail \u00e0 <a href=\"mailto:virginie.portier@usineagaz.ch\" target=\"_blank\" rel=\"noreferrer noopener\">virginie.portier@usineagaz.ch<\/a>&nbsp;.  <\/p>\n\n\n\n<p><strong>ASSISTANCE ET ACCUEIL<\/strong><br>Pour organiser au mieux votre venue \u00e0 l\u2019Usine \u00e0 Gaz, vous pouvez contacter :<\/p>\n\n\n\n<p><strong>Virginie Portier<br><\/strong>Adresse mail : virginie.portier@usineagaz.ch <br>Num\u00e9ro de t\u00e9l\u00e9phone : 022 564 22 87<br>Pour des informations g\u00e9n\u00e9rales sur les spectacles et les concerts vous pouvez contacter : <\/p>\n\n\n\n<p><strong>Sarah Gremion <br><\/strong>Adresse mail : info@usineagaz.ch \/ billetterie@usineagaz.ch<br>Num\u00e9ro de t\u00e9l\u00e9phone : 022 564 22 99<\/p>\n\n\n\n<p><strong>SENSIBILISATION DU STAFF<\/strong><br>L\u2019\u00e9quipe d\u2019accueil est sensibilis\u00e9e \u00e0 l\u2019importance de l\u2019inclusion et re\u00e7oit les informations sur les mesures mises en place.<\/p>\n\n\n\n<p><strong>OP\u00c9RATION CHAISE ROUGE<\/strong><br>Vous avez besoin d\u2019une aide pour vous rendre \u00e0 l\u2019Usine \u00e0 Gaz\u202f? Faites appel \u00e0 \u00ab La Chaise rouge \u00bb. Les personnes en situation de handicap qui souhaitent b\u00e9n\u00e9ficier de ce service seront mises en relation avec des b\u00e9n\u00e9voles en fonction des disponibilit\u00e9s. La personne qui vous accompagne a suivi une formation centr\u00e9e sur le soutien, le handicap et la pr\u00e9vention des risques d\u2019accident. Pour plus d\u2019informations rendez-vous sur le site : https:\/\/croixrougevaudoise.ch\/prestations\/la-chaise-rouge\/, Num\u00e9ro de t\u00e9l\u00e9phone : 021 340 00 99.<br><br>Ce service de la Croix-Rouge vaudoise, propos\u00e9 en partenariat avec Pro Infirmis, est gratuit.&nbsp;<\/p>\n\n\n\n<p><strong>BILLETTERIE \u2013 TARIFS SP\u00c9CIAUX<\/strong><\/p>\n\n\n\n<p><strong>CARTE CARITAS<\/strong><br>Les personnes d\u00e9tentrices de la Carte Culture peuvent b\u00e9n\u00e9ficier de billets \u00e0 5 CHF, en vente uniquement aux caisses du Festival.<\/p>\n\n\n\n<p><strong>BILLET ACCOMPAGNEMENT PMR<\/strong><br>En achetant un billet pour personne \u00e0 mobilit\u00e9 r\u00e9duite (en ligne ou \u00e0 la caisse), il est possible de prendre un billet gratuit pour la personne accompagnante.<\/p>\n\n\n\n<p><strong>BILLETS SUSPEND\u2019US <\/strong><br>Sur le m\u00eame principe que les \u00ab caf\u00e9s suspendus \u00bb les spectateur-trices de l\u2019Usine \u00e0 Gaz ont d\u00e8s \u00e0 pr\u00e9sent la possibilit\u00e9 de b\u00e9n\u00e9ficier de billets suspendus ou de contribuer par le biais de dons afin d\u2019aider les personnes en situation de pr\u00e9carit\u00e9 pour qui la culture n\u2019est pas facilement accessible.<\/p>\n\n\n\n<p>Pour en b\u00e9n\u00e9ficier, il suffit d\u2019\u00eatre d\u00e9tenteur-trice d\u2019une carte caritas ou carte suspend\u2019us Pour contribuer, nous recevons vos dons via la plateforme suspend\u2019us.com, ou directement \u00e0 la billetterie.<\/p>\n\n\n\n<p>Plus d\u2019infos : billetterie@usineagaz.ch \/ https:\/\/suspend-us.com<\/p>\n\n\n\n<p><strong>LIEUX ET STATIONNEMENT<\/strong><\/p>\n\n\n\n<p><strong>\u00c9quipement de la salle 1 :<br><\/strong>Toilettes accessibles en fauteuil <br>Place pour 4 fauteuils roulants<br>Comptoir de bar abaiss\u00e9<\/p>\n\n\n\n<p><strong>\u00c9quipement de la salle 2 :<\/strong><br>Ascenseur<br>Toilettes accessibles en fauteuil <br>Place pour 9 fauteuils roulants<br>Main courante dans les escaliers<br>Marches contrast\u00e9es dans les salles<br>Des travaux dans la cour peuvent rendre l\u2019acc\u00e8s difficile pour certains fauteuils roulants. Il existe une autre entr\u00e9e, contacter Virginie Portier<\/p>\n\n\n\n<p><strong>STATIONNEMENT PMR<\/strong><br>Si vous avez besoin d\u2019une place de parking proche de l\u2019entr\u00e9e, vous pouvez contacter Virginie Portier \/ virginie.portier@usineagaz.ch ou 022 564 22 87<\/p>\n\n\n\n<p><strong>CHIENS-GUIDES ET CHIENS D\u2019ASSISTANCE<\/strong><br>Les chiens-guides et les chiens d\u2019assistance sont autoris\u00e9s en tous lieux.<\/p>\n","protected":false},"excerpt":{"rendered":"<p>Afin de garantir le meilleur accueil possible, nous invitons les personnes \u00e0 mobilit\u00e9 r\u00e9duite \u00e0 s\u2019annoncer \u00e0 la billetterie au 022 564 22 99 ou par mail \u00e0 billetterie@usineagaz.ch.&nbsp; En cas de questions sp\u00e9cifiques, vous pouvez vous adresser \u00e0 Virginie Portier au 022 564 22 87 ou par mail \u00e0 virginie.portier@usineagaz.ch&nbsp;. ASSISTANCE ET ACCUEILPour organiser [&hellip;]<\/p>\n","protected":false},"author":1,"featured_media":0,"parent":0,"menu_order":0,"comment_status":"closed","ping_status":"closed","template":"","meta":{"_acf_changed":false,"footnotes":""},"class_list":["post-12626","page","type-page","status-publish","hentry"],"acf":[],"yoast_head":"<!-- This site is optimized with the Yoast SEO plugin v27.3 - https:\/\/yoast.com\/product\/yoast-seo-wordpress\/ -->\n<title>Accessibilit\u00e9 - Usine \u00e0 Gaz<\/title>\n<meta name=\"robots\" content=\"index, follow, max-snippet:-1, max-image-preview:large, max-video-preview:-1\" \/>\n<link rel=\"canonical\" href=\"https:\/\/usineagaz.ch\/en\/accessibilite\/\" \/>\n<meta property=\"og:locale\" content=\"en_US\" \/>\n<meta property=\"og:type\" content=\"article\" \/>\n<meta property=\"og:title\" content=\"Accessibilit\u00e9 - Usine \u00e0 Gaz\" \/>\n<meta property=\"og:description\" content=\"Afin de garantir le meilleur accueil possible, nous invitons les personnes \u00e0 mobilit\u00e9 r\u00e9duite \u00e0 s\u2019annoncer \u00e0 la billetterie au 022 564 22 99 ou par mail \u00e0 billetterie@usineagaz.ch.&nbsp; En cas de questions sp\u00e9cifiques, vous pouvez vous adresser \u00e0 Virginie Portier au 022 564 22 87 ou par mail \u00e0 virginie.portier@usineagaz.ch&nbsp;. ASSISTANCE ET ACCUEILPour organiser [&hellip;]\" \/>\n<meta property=\"og:url\" content=\"https:\/\/usineagaz.ch\/en\/accessibilite\/\" \/>\n<meta property=\"og:site_name\" content=\"Usine \u00e0 Gaz\" \/>\n<meta name=\"twitter:card\" content=\"summary_large_image\" \/>\n<meta name=\"twitter:label1\" content=\"Est. reading time\" \/>\n\t<meta name=\"twitter:data1\" content=\"3 minutes\" \/>\n<script type=\"application\/ld+json\" class=\"yoast-schema-graph\">{\"@context\":\"https:\\\/\\\/schema.org\",\"@graph\":[{\"@type\":\"WebPage\",\"@id\":\"https:\\\/\\\/usineagaz.ch\\\/en\\\/accessibilite\\\/\",\"url\":\"https:\\\/\\\/usineagaz.ch\\\/en\\\/accessibilite\\\/\",\"name\":\"Accessibilit\u00e9 - Usine \u00e0 Gaz\",\"isPartOf\":{\"@id\":\"https:\\\/\\\/usineagaz.ch\\\/en\\\/#website\"},\"datePublished\":\"2026-01-14T09:44:29+00:00\",\"breadcrumb\":{\"@id\":\"https:\\\/\\\/usineagaz.ch\\\/en\\\/accessibilite\\\/#breadcrumb\"},\"inLanguage\":\"en-US\",\"potentialAction\":[{\"@type\":\"ReadAction\",\"target\":[\"https:\\\/\\\/usineagaz.ch\\\/en\\\/accessibilite\\\/\"]}]},{\"@type\":\"BreadcrumbList\",\"@id\":\"https:\\\/\\\/usineagaz.ch\\\/en\\\/accessibilite\\\/#breadcrumb\",\"itemListElement\":[{\"@type\":\"ListItem\",\"position\":1,\"name\":\"Accueil\",\"item\":\"https:\\\/\\\/usineagaz.ch\\\/en\\\/\"},{\"@type\":\"ListItem\",\"position\":2,\"name\":\"Accessibilit\u00e9\"}]},{\"@type\":\"WebSite\",\"@id\":\"https:\\\/\\\/usineagaz.ch\\\/en\\\/#website\",\"url\":\"https:\\\/\\\/usineagaz.ch\\\/en\\\/\",\"name\":\"Usine \u00e0 Gaz\",\"description\":\"Sc\u00e8ne r\u00e9gionale de Nyon &amp; r\u00e9gion\",\"publisher\":{\"@id\":\"https:\\\/\\\/usineagaz.ch\\\/en\\\/#organization\"},\"potentialAction\":[{\"@type\":\"SearchAction\",\"target\":{\"@type\":\"EntryPoint\",\"urlTemplate\":\"https:\\\/\\\/usineagaz.ch\\\/en\\\/?s={search_term_string}\"},\"query-input\":{\"@type\":\"PropertyValueSpecification\",\"valueRequired\":true,\"valueName\":\"search_term_string\"}}],\"inLanguage\":\"en-US\"},{\"@type\":\"Organization\",\"@id\":\"https:\\\/\\\/usineagaz.ch\\\/en\\\/#organization\",\"name\":\"Usine \u00e0 Gaz\",\"url\":\"https:\\\/\\\/usineagaz.ch\\\/en\\\/\",\"logo\":{\"@type\":\"ImageObject\",\"inLanguage\":\"en-US\",\"@id\":\"https:\\\/\\\/usineagaz.ch\\\/en\\\/#\\\/schema\\\/logo\\\/image\\\/\",\"url\":\"https:\\\/\\\/usineagaz.ch\\\/wp-content\\\/uploads\\\/2025\\\/04\\\/Unknown.png\",\"contentUrl\":\"https:\\\/\\\/usineagaz.ch\\\/wp-content\\\/uploads\\\/2025\\\/04\\\/Unknown.png\",\"width\":511,\"height\":615,\"caption\":\"Usine \u00e0 Gaz\"},\"image\":{\"@id\":\"https:\\\/\\\/usineagaz.ch\\\/en\\\/#\\\/schema\\\/logo\\\/image\\\/\"}}]}<\/script>\n<!-- \/ Yoast SEO plugin. -->","yoast_head_json":{"title":"Accessibilit\u00e9 - Usine \u00e0 Gaz","robots":{"index":"index","follow":"follow","max-snippet":"max-snippet:-1","max-image-preview":"max-image-preview:large","max-video-preview":"max-video-preview:-1"},"canonical":"https:\/\/usineagaz.ch\/en\/accessibilite\/","og_locale":"en_US","og_type":"article","og_title":"Accessibilit\u00e9 - Usine \u00e0 Gaz","og_description":"Afin de garantir le meilleur accueil possible, nous invitons les personnes \u00e0 mobilit\u00e9 r\u00e9duite \u00e0 s\u2019annoncer \u00e0 la billetterie au 022 564 22 99 ou par mail \u00e0 billetterie@usineagaz.ch.&nbsp; En cas de questions sp\u00e9cifiques, vous pouvez vous adresser \u00e0 Virginie Portier au 022 564 22 87 ou par mail \u00e0 virginie.portier@usineagaz.ch&nbsp;. ASSISTANCE ET ACCUEILPour organiser [&hellip;]","og_url":"https:\/\/usineagaz.ch\/en\/accessibilite\/","og_site_name":"Usine \u00e0 Gaz","twitter_card":"summary_large_image","twitter_misc":{"Est. reading time":"3 minutes"},"schema":{"@context":"https:\/\/schema.org","@graph":[{"@type":"WebPage","@id":"https:\/\/usineagaz.ch\/en\/accessibilite\/","url":"https:\/\/usineagaz.ch\/en\/accessibilite\/","name":"Accessibilit\u00e9 - Usine \u00e0 Gaz","isPartOf":{"@id":"https:\/\/usineagaz.ch\/en\/#website"},"datePublished":"2026-01-14T09:44:29+00:00","breadcrumb":{"@id":"https:\/\/usineagaz.ch\/en\/accessibilite\/#breadcrumb"},"inLanguage":"en-US","potentialAction":[{"@type":"ReadAction","target":["https:\/\/usineagaz.ch\/en\/accessibilite\/"]}]},{"@type":"BreadcrumbList","@id":"https:\/\/usineagaz.ch\/en\/accessibilite\/#breadcrumb","itemListElement":[{"@type":"ListItem","position":1,"name":"Accueil","item":"https:\/\/usineagaz.ch\/en\/"},{"@type":"ListItem","position":2,"name":"Accessibilit\u00e9"}]},{"@type":"WebSite","@id":"https:\/\/usineagaz.ch\/en\/#website","url":"https:\/\/usineagaz.ch\/en\/","name":"Usine \u00e0 Gaz","description":"Sc\u00e8ne r\u00e9gionale de Nyon &amp; r\u00e9gion","publisher":{"@id":"https:\/\/usineagaz.ch\/en\/#organization"},"potentialAction":[{"@type":"SearchAction","target":{"@type":"EntryPoint","urlTemplate":"https:\/\/usineagaz.ch\/en\/?s={search_term_string}"},"query-input":{"@type":"PropertyValueSpecification","valueRequired":true,"valueName":"search_term_string"}}],"inLanguage":"en-US"},{"@type":"Organization","@id":"https:\/\/usineagaz.ch\/en\/#organization","name":"Usine \u00e0 Gaz","url":"https:\/\/usineagaz.ch\/en\/","logo":{"@type":"ImageObject","inLanguage":"en-US","@id":"https:\/\/usineagaz.ch\/en\/#\/schema\/logo\/image\/","url":"https:\/\/usineagaz.ch\/wp-content\/uploads\/2025\/04\/Unknown.png","contentUrl":"https:\/\/usineagaz.ch\/wp-content\/uploads\/2025\/04\/Unknown.png","width":511,"height":615,"caption":"Usine \u00e0 Gaz"},"image":{"@id":"https:\/\/usineagaz.ch\/en\/#\/schema\/logo\/image\/"}}]}},"_links":{"self":[{"href":"https:\/\/usineagaz.ch\/en\/wp-json\/wp\/v2\/pages\/12626","targetHints":{"allow":["GET"]}}],"collection":[{"href":"https:\/\/usineagaz.ch\/en\/wp-json\/wp\/v2\/pages"}],"about":[{"href":"https:\/\/usineagaz.ch\/en\/wp-json\/wp\/v2\/types\/page"}],"author":[{"embeddable":true,"href":"https:\/\/usineagaz.ch\/en\/wp-json\/wp\/v2\/users\/1"}],"replies":[{"embeddable":true,"href":"https:\/\/usineagaz.ch\/en\/wp-json\/wp\/v2\/comments?post=12626"}],"version-history":[{"count":1,"href":"https:\/\/usineagaz.ch\/en\/wp-json\/wp\/v2\/pages\/12626\/revisions"}],"predecessor-version":[{"id":12628,"href":"https:\/\/usineagaz.ch\/en\/wp-json\/wp\/v2\/pages\/12626\/revisions\/12628"}],"wp:attachment":[{"href":"https:\/\/usineagaz.ch\/en\/wp-json\/wp\/v2\/media?parent=12626"}],"curies":[{"name":"wp","href":"https:\/\/api.w.org\/{rel}","templated":true}]}}